{"id":100,"date":"2024-01-31T13:24:32","date_gmt":"2024-01-31T12:24:32","guid":{"rendered":"https:\/\/www.selected-minds.de\/impressum\/"},"modified":"2024-02-16T11:01:47","modified_gmt":"2024-02-16T10:01:47","slug":"impressum","status":"publish","type":"page","link":"https:\/\/www.selected-minds.de\/en\/impressum\/","title":{"rendered":"Imprint"},"content":{"rendered":"<div data-elementor-type=\"wp-page\" data-elementor-id=\"100\" class=\"elementor elementor-100\" data-elementor-post-type=\"page\">\n\t\t\t\t<div class=\"elementor-element elementor-element-beb2d8 e-flex e-con-boxed e-con e-parent\" data-id=\"beb2d8\" data-element_type=\"container\" data-settings=\"{&quot;background_background&quot;:&quot;classic&quot;}\">\n\t\t\t\t\t<div class=\"e-con-inner\">\n\t\t<div class=\"elementor-element elementor-element-3dc7f92d e-flex e-con-boxed e-con e-child\" data-id=\"3dc7f92d\" data-element_type=\"container\">\n\t\t\t\t\t<div class=\"e-con-inner\">\n\t\t\t\t<div class=\"elementor-element elementor-element-28e13f6c elementor-widget elementor-widget-image\" data-id=\"28e13f6c\" data-element_type=\"widget\" data-widget_type=\"image.default\">\n\t\t\t\t<div class=\"elementor-widget-container\">\n\t\t\t\t\t\t\t\t\t\t\t\t\t\t\t<img decoding=\"async\" width=\"150\" height=\"150\" src=\"https:\/\/www.selected-minds.de\/wp-content\/uploads\/2024\/01\/impressum-1.png\" class=\"attachment-thumbnail size-thumbnail wp-image-101\" alt=\"\" \/>\t\t\t\t\t\t\t\t\t\t\t\t\t\t\t<\/div>\n\t\t\t\t<\/div>\n\t\t\t\t\t<\/div>\n\t\t\t\t<\/div>\n\t\t\t\t\t<\/div>\n\t\t\t\t<\/div>\n\t\t<div class=\"elementor-element elementor-element-6607d7c7 e-flex e-con-boxed e-con e-parent\" data-id=\"6607d7c7\" data-element_type=\"container\" data-settings=\"{&quot;background_background&quot;:&quot;classic&quot;}\">\n\t\t\t\t\t<div class=\"e-con-inner\">\n\t\t<div class=\"elementor-element elementor-element-1a2aadd2 e-flex e-con-boxed e-con e-child\" data-id=\"1a2aadd2\" data-element_type=\"container\" data-settings=\"{&quot;background_background&quot;:&quot;classic&quot;}\">\n\t\t\t\t\t<div class=\"e-con-inner\">\n\t\t\t\t<div class=\"elementor-element elementor-element-75c0d189 elementor-widget elementor-widget-heading\" data-id=\"75c0d189\" data-element_type=\"widget\" data-widget_type=\"heading.default\">\n\t\t\t\t<div class=\"elementor-widget-container\">\n\t\t\t\t\t<h2 class=\"elementor-heading-title elementor-size-default\">Angaben gem\u00e4\u00df \u00a75 TMG.<\/h2>\t\t\t\t<\/div>\n\t\t\t\t<\/div>\n\t\t\t\t\t<\/div>\n\t\t\t\t<\/div>\n\t\t\t\t\t<\/div>\n\t\t\t\t<\/div>\n\t\t<div class=\"elementor-element elementor-element-736d1662 e-flex e-con-boxed e-con e-parent\" data-id=\"736d1662\" data-element_type=\"container\" data-settings=\"{&quot;background_background&quot;:&quot;classic&quot;}\">\n\t\t\t\t\t<div class=\"e-con-inner\">\n\t\t<div class=\"elementor-element elementor-element-3d5ba53d e-flex e-con-boxed e-con e-child\" data-id=\"3d5ba53d\" data-element_type=\"container\" data-settings=\"{&quot;background_background&quot;:&quot;classic&quot;}\">\n\t\t\t\t\t<div class=\"e-con-inner\">\n\t\t\t\t<div class=\"elementor-element elementor-element-2a247231 elementor-widget elementor-widget-heading\" data-id=\"2a247231\" data-element_type=\"widget\" data-widget_type=\"heading.default\">\n\t\t\t\t<div class=\"elementor-widget-container\">\n\t\t\t\t\t<h2 class=\"elementor-heading-title elementor-size-default\">Selected Minds<\/h2>\t\t\t\t<\/div>\n\t\t\t\t<\/div>\n\t\t\t\t<div class=\"elementor-element elementor-element-39db7eea elementor-widget elementor-widget-text-editor\" data-id=\"39db7eea\" data-element_type=\"widget\" data-widget_type=\"text-editor.default\">\n\t\t\t\t<div class=\"elementor-widget-container\">\n\t\t\t\t\t\t\t\t\t<p>Inhaber: Patrick Keller<br \/>Walther-Rathenau-Stra\u00dfe 16<br \/>D-64521 Gro\u00df-Gerau<\/p><p>Telefon: +49 6152 1871-830<\/p><p>E-Mail: hello@selected-minds.de<br \/>Web: www.selected-minds.de<\/p>\t\t\t\t\t\t\t\t<\/div>\n\t\t\t\t<\/div>\n\t\t\t\t<div class=\"elementor-element elementor-element-691a69c3 elementor-widget elementor-widget-heading\" data-id=\"691a69c3\" data-element_type=\"widget\" data-widget_type=\"heading.default\">\n\t\t\t\t<div class=\"elementor-widget-container\">\n\t\t\t\t\t<h2 class=\"elementor-heading-title elementor-size-default\">Umsatzsteuer-ID:<\/h2>\t\t\t\t<\/div>\n\t\t\t\t<\/div>\n\t\t\t\t<div class=\"elementor-element elementor-element-3e36de03 elementor-widget elementor-widget-text-editor\" data-id=\"3e36de03\" data-element_type=\"widget\" data-widget_type=\"text-editor.default\">\n\t\t\t\t<div class=\"elementor-widget-container\">\n\t\t\t\t\t\t\t\t\t<p>Umsatzsteuer-Identifikationsnummer gem\u00e4\u00df \u00a727 a Umsatzsteuergesetz: DE 195719955<\/p>\t\t\t\t\t\t\t\t<\/div>\n\t\t\t\t<\/div>\n\t\t\t\t<div class=\"elementor-element elementor-element-56232bc7 elementor-widget elementor-widget-heading\" data-id=\"56232bc7\" data-element_type=\"widget\" data-widget_type=\"heading.default\">\n\t\t\t\t<div class=\"elementor-widget-container\">\n\t\t\t\t\t<h2 class=\"elementor-heading-title elementor-size-default\">Haftungsausschluss:<\/h2>\t\t\t\t<\/div>\n\t\t\t\t<\/div>\n\t\t\t\t<div class=\"elementor-element elementor-element-e01b2ea elementor-widget elementor-widget-text-editor\" data-id=\"e01b2ea\" data-element_type=\"widget\" data-widget_type=\"text-editor.default\">\n\t\t\t\t<div class=\"elementor-widget-container\">\n\t\t\t\t\t\t\t\t\t<p><span class=\"special-font\">Haftung f\u00fcr Inhalte.<\/span>\u00a0Die Inhalte unserer Seiten wurden mit gr\u00f6\u00dfter Sorgfalt erstellt. Als Diensteanbieter sind wir gem\u00e4\u00df \u00a7 7 Abs.1 TMG f\u00fcr eigene Inhalte auf diesen Seiten nach den allgemeinen Gesetzen verantwortlich. Nach \u00a7\u00a7 8 bis 10 TMG sind wir als Diensteanbieter jedoch nicht verpflichtet, \u00fcbermittelte oder gespeicherte fremde Informationen zu \u00fcberwachen oder nach Umst\u00e4nden zu forschen, die auf eine rechtswidrige T\u00e4tigkeit hinweisen. Verpflichtungen zur Entfernung oder Sperrung der Nutzung von Informationen nach den allgemeinen Gesetzen bleiben hiervon unber\u00fchrt. Eine diesbez\u00fcgliche Haftung ist jedoch erst ab dem Zeitpunkt der Kenntnis einer konkreten Rechtsverletzung m\u00f6glich. Bei Bekanntwerden von entsprechenden Rechtsverletzungen werden wir diese Inhalte umgehend entfernen.<\/p><p><span class=\"special-font\">Haftung f\u00fcr Links.<\/span>\u00a0Unser Angebot enth\u00e4lt Links zu externen Webseiten Dritter, auf deren Inhalte wir keinen Einfluss haben. Deshalb k\u00f6nnen wir f\u00fcr diese fremden Inhalte auch keine Gew\u00e4hr \u00fcbernehmen. F\u00fcr die Inhalte der verlinkten Seiten ist stets der jeweilige Anbieter oder Betreiber der Seiten verantwortlich. Die verlinkten Seiten wurden zum Zeitpunkt der Verlinkung auf m\u00f6gliche Rechtsverst\u00f6\u00dfe \u00fcberpr\u00fcft. Rechtswidrige Inhalte waren zum Zeitpunkt der Verlinkung nicht erkennbar. Eine permanente inhaltliche Kontrolle der verlinkten Seiten ist jedoch ohne konkrete Anhaltspunkte einer Rechtsverletzung nicht zumutbar. Bei Bekanntwerden von Rechtsverletzungen werden wir derartige Links umgehend entfernen.<\/p><p><span class=\"special-font\">Urheberrecht.<\/span>\u00a0Die durch die Seitenbetreiber erstellten Inhalte und Werke auf diesen Seiten unterliegen dem deutschen Urheberrecht. Die Vervielf\u00e4ltigung, Bearbeitung, Verbreitung und jede Art der Verwertung au\u00dferhalb der Grenzen des Urheberrechtes bed\u00fcrfen der schriftlichen Zustimmung des jeweiligen Autors bzw. Erstellers. Downloads und Kopien dieser Seite sind nur f\u00fcr den privaten, nicht kommerziellen Gebrauch gestattet. Soweit die Inhalte auf dieser Seite nicht vom Betreiber erstellt wurden, werden die Urheberrechte Dritter beachtet. Insbesondere werden Inhalte Dritter als solche gekennzeichnet. Sollten Sie trotzdem auf eine Urheberrechtsverletzung aufmerksam werden, bitten wir um einen entsprechenden Hinweis. Bei Bekanntwerden von Rechtsverletzungen werden wir derartige Inhalte umgehend entfernen.<\/p>\t\t\t\t\t\t\t\t<\/div>\n\t\t\t\t<\/div>\n\t\t\t\t\t<\/div>\n\t\t\t\t<\/div>\n\t\t\t\t\t<\/div>\n\t\t\t\t<\/div>\n\t\t\t\t<\/div>","protected":false},"excerpt":{"rendered":"<p>Angaben gem\u00e4\u00df \u00a75 TMG. Selected Minds Inhaber: Patrick KellerWalther-Rathenau-Stra\u00dfe 16D-64521 Gro\u00df-Gerau Telefon: +49 6152 1871-830 E-Mail: hello@selected-minds.deWeb: www.selected-minds.de Umsatzsteuer-ID: Umsatzsteuer-Identifikationsnummer gem\u00e4\u00df \u00a727 a Umsatzsteuergesetz: DE 195719955 Haftungsausschluss: Haftung f\u00fcr Inhalte.\u00a0Die Inhalte unserer Seiten wurden mit gr\u00f6\u00dfter Sorgfalt erstellt. Als Diensteanbieter sind wir gem\u00e4\u00df \u00a7 7 Abs.1 TMG f\u00fcr eigene Inhalte auf diesen Seiten nach den [&hellip;]<\/p>","protected":false},"author":1,"featured_media":0,"parent":0,"menu_order":0,"comment_status":"closed","ping_status":"closed","template":"elementor_header_footer","meta":{"footnotes":""},"class_list":["post-100","page","type-page","status-publish","hentry"],"yoast_head":"<!-- This site is optimized with the Yoast SEO Premium plugin v23.0 (Yoast SEO v26.6) - https:\/\/yoast.com\/wordpress\/plugins\/seo\/ -->\n<title>Impressum - Selected Minds<\/title>\n<meta name=\"robots\" content=\"noindex, nofollow\" \/>\n<meta property=\"og:locale\" content=\"en_GB\" \/>\n<meta property=\"og:type\" content=\"article\" \/>\n<meta property=\"og:title\" content=\"Impressum\" \/>\n<meta property=\"og:description\" content=\"Angaben gem\u00e4\u00df \u00a75 TMG. Selected Minds Inhaber: Patrick KellerWalther-Rathenau-Stra\u00dfe 16D-64521 Gro\u00df-Gerau Telefon: +49 6152 1871-830 E-Mail: hello@selected-minds.deWeb: www.selected-minds.de Umsatzsteuer-ID: Umsatzsteuer-Identifikationsnummer gem\u00e4\u00df \u00a727 a Umsatzsteuergesetz: DE 195719955 Haftungsausschluss: Haftung f\u00fcr Inhalte.\u00a0Die Inhalte unserer Seiten wurden mit gr\u00f6\u00dfter Sorgfalt erstellt. Als Diensteanbieter sind wir gem\u00e4\u00df \u00a7 7 Abs.1 TMG f\u00fcr eigene Inhalte auf diesen Seiten nach den [&hellip;]\" \/>\n<meta property=\"og:url\" content=\"https:\/\/www.selected-minds.de\/en\/impressum\/\" \/>\n<meta property=\"og:site_name\" content=\"Selected Minds\" \/>\n<meta property=\"article:modified_time\" content=\"2024-02-16T10:01:47+00:00\" \/>\n<meta property=\"og:image\" content=\"https:\/\/www.selected-minds.de\/wp-content\/uploads\/2024\/01\/impressum-1.png\" \/>\n<meta name=\"twitter:card\" content=\"summary_large_image\" \/>\n<meta name=\"twitter:label1\" content=\"Estimated reading time\" \/>\n\t<meta name=\"twitter:data1\" content=\"3 minutes\" \/>\n<script type=\"application\/ld+json\" class=\"yoast-schema-graph\">{\"@context\":\"https:\/\/schema.org\",\"@graph\":[{\"@type\":\"WebPage\",\"@id\":\"https:\/\/www.selected-minds.de\/impressum\/\",\"url\":\"https:\/\/www.selected-minds.de\/impressum\/\",\"name\":\"Impressum - Selected Minds\",\"isPartOf\":{\"@id\":\"https:\/\/www.selected-minds.de\/#website\"},\"primaryImageOfPage\":{\"@id\":\"https:\/\/www.selected-minds.de\/impressum\/#primaryimage\"},\"image\":{\"@id\":\"https:\/\/www.selected-minds.de\/impressum\/#primaryimage\"},\"thumbnailUrl\":\"https:\/\/www.selected-minds.de\/wp-content\/uploads\/2024\/01\/impressum-1.png\",\"datePublished\":\"2024-01-31T12:24:32+00:00\",\"dateModified\":\"2024-02-16T10:01:47+00:00\",\"breadcrumb\":{\"@id\":\"https:\/\/www.selected-minds.de\/impressum\/#breadcrumb\"},\"inLanguage\":\"en-GB\",\"potentialAction\":[{\"@type\":\"ReadAction\",\"target\":[\"https:\/\/www.selected-minds.de\/impressum\/\"]}]},{\"@type\":\"ImageObject\",\"inLanguage\":\"en-GB\",\"@id\":\"https:\/\/www.selected-minds.de\/impressum\/#primaryimage\",\"url\":\"https:\/\/www.selected-minds.de\/wp-content\/uploads\/2024\/01\/impressum-1.png\",\"contentUrl\":\"https:\/\/www.selected-minds.de\/wp-content\/uploads\/2024\/01\/impressum-1.png\"},{\"@type\":\"BreadcrumbList\",\"@id\":\"https:\/\/www.selected-minds.de\/impressum\/#breadcrumb\",\"itemListElement\":[{\"@type\":\"ListItem\",\"position\":1,\"name\":\"Startseite\",\"item\":\"https:\/\/www.selected-minds.de\/\"},{\"@type\":\"ListItem\",\"position\":2,\"name\":\"Impressum\"}]},{\"@type\":\"WebSite\",\"@id\":\"https:\/\/www.selected-minds.de\/#website\",\"url\":\"https:\/\/www.selected-minds.de\/\",\"name\":\"Recruiting.Relocation.Academy | Selected Minds\",\"description\":\"\",\"potentialAction\":[{\"@type\":\"SearchAction\",\"target\":{\"@type\":\"EntryPoint\",\"urlTemplate\":\"https:\/\/www.selected-minds.de\/?s={search_term_string}\"},\"query-input\":{\"@type\":\"PropertyValueSpecification\",\"valueRequired\":true,\"valueName\":\"search_term_string\"}}],\"inLanguage\":\"en-GB\"}]}<\/script>\n<!-- \/ Yoast SEO Premium plugin. -->","yoast_head_json":{"title":"Impressum - Selected Minds","robots":{"index":"noindex","follow":"nofollow"},"og_locale":"en_GB","og_type":"article","og_title":"Impressum","og_description":"Angaben gem\u00e4\u00df \u00a75 TMG. Selected Minds Inhaber: Patrick KellerWalther-Rathenau-Stra\u00dfe 16D-64521 Gro\u00df-Gerau Telefon: +49 6152 1871-830 E-Mail: hello@selected-minds.deWeb: www.selected-minds.de Umsatzsteuer-ID: Umsatzsteuer-Identifikationsnummer gem\u00e4\u00df \u00a727 a Umsatzsteuergesetz: DE 195719955 Haftungsausschluss: Haftung f\u00fcr Inhalte.\u00a0Die Inhalte unserer Seiten wurden mit gr\u00f6\u00dfter Sorgfalt erstellt. Als Diensteanbieter sind wir gem\u00e4\u00df \u00a7 7 Abs.1 TMG f\u00fcr eigene Inhalte auf diesen Seiten nach den [&hellip;]","og_url":"https:\/\/www.selected-minds.de\/en\/impressum\/","og_site_name":"Selected Minds","article_modified_time":"2024-02-16T10:01:47+00:00","og_image":[{"url":"https:\/\/www.selected-minds.de\/wp-content\/uploads\/2024\/01\/impressum-1.png","type":"","width":"","height":""}],"twitter_card":"summary_large_image","twitter_misc":{"Estimated reading time":"3 minutes"},"schema":{"@context":"https:\/\/schema.org","@graph":[{"@type":"WebPage","@id":"https:\/\/www.selected-minds.de\/impressum\/","url":"https:\/\/www.selected-minds.de\/impressum\/","name":"Impressum - Selected Minds","isPartOf":{"@id":"https:\/\/www.selected-minds.de\/#website"},"primaryImageOfPage":{"@id":"https:\/\/www.selected-minds.de\/impressum\/#primaryimage"},"image":{"@id":"https:\/\/www.selected-minds.de\/impressum\/#primaryimage"},"thumbnailUrl":"https:\/\/www.selected-minds.de\/wp-content\/uploads\/2024\/01\/impressum-1.png","datePublished":"2024-01-31T12:24:32+00:00","dateModified":"2024-02-16T10:01:47+00:00","breadcrumb":{"@id":"https:\/\/www.selected-minds.de\/impressum\/#breadcrumb"},"inLanguage":"en-GB","potentialAction":[{"@type":"ReadAction","target":["https:\/\/www.selected-minds.de\/impressum\/"]}]},{"@type":"ImageObject","inLanguage":"en-GB","@id":"https:\/\/www.selected-minds.de\/impressum\/#primaryimage","url":"https:\/\/www.selected-minds.de\/wp-content\/uploads\/2024\/01\/impressum-1.png","contentUrl":"https:\/\/www.selected-minds.de\/wp-content\/uploads\/2024\/01\/impressum-1.png"},{"@type":"BreadcrumbList","@id":"https:\/\/www.selected-minds.de\/impressum\/#breadcrumb","itemListElement":[{"@type":"ListItem","position":1,"name":"Startseite","item":"https:\/\/www.selected-minds.de\/"},{"@type":"ListItem","position":2,"name":"Impressum"}]},{"@type":"WebSite","@id":"https:\/\/www.selected-minds.de\/#website","url":"https:\/\/www.selected-minds.de\/","name":"Recruiting.Relocation.Academy | Selected Minds","description":"","potentialAction":[{"@type":"SearchAction","target":{"@type":"EntryPoint","urlTemplate":"https:\/\/www.selected-minds.de\/?s={search_term_string}"},"query-input":{"@type":"PropertyValueSpecification","valueRequired":true,"valueName":"search_term_string"}}],"inLanguage":"en-GB"}]}},"_links":{"self":[{"href":"https:\/\/www.selected-minds.de\/en\/wp-json\/wp\/v2\/pages\/100","targetHints":{"allow":["GET"]}}],"collection":[{"href":"https:\/\/www.selected-minds.de\/en\/wp-json\/wp\/v2\/pages"}],"about":[{"href":"https:\/\/www.selected-minds.de\/en\/wp-json\/wp\/v2\/types\/page"}],"author":[{"embeddable":true,"href":"https:\/\/www.selected-minds.de\/en\/wp-json\/wp\/v2\/users\/1"}],"replies":[{"embeddable":true,"href":"https:\/\/www.selected-minds.de\/en\/wp-json\/wp\/v2\/comments?post=100"}],"version-history":[{"count":4,"href":"https:\/\/www.selected-minds.de\/en\/wp-json\/wp\/v2\/pages\/100\/revisions"}],"predecessor-version":[{"id":158,"href":"https:\/\/www.selected-minds.de\/en\/wp-json\/wp\/v2\/pages\/100\/revisions\/158"}],"wp:attachment":[{"href":"https:\/\/www.selected-minds.de\/en\/wp-json\/wp\/v2\/media?parent=100"}],"curies":[{"name":"wp","href":"https:\/\/api.w.org\/{rel}","templated":true}]}}