{"id":65,"date":"2024-01-31T13:24:26","date_gmt":"2024-01-31T12:24:26","guid":{"rendered":"https:\/\/www.selected-minds.de\/it-recruiting\/"},"modified":"2024-02-07T14:59:05","modified_gmt":"2024-02-07T13:59:05","slug":"it-recruiting","status":"publish","type":"page","link":"https:\/\/www.selected-minds.de\/en\/it-recruiting\/","title":{"rendered":"IT-Recruiting"},"content":{"rendered":"<div data-elementor-type=\"wp-page\" data-elementor-id=\"65\" class=\"elementor elementor-65\" data-elementor-post-type=\"page\">\n\t\t\t\t<div class=\"elementor-element elementor-element-59089b65 e-flex e-con-boxed e-con e-parent\" data-id=\"59089b65\" data-element_type=\"container\">\n\t\t\t\t\t<div class=\"e-con-inner\">\n\t\t<div class=\"elementor-element elementor-element-44ef4b10 e-flex e-con-boxed e-con e-child\" data-id=\"44ef4b10\" data-element_type=\"container\">\n\t\t\t\t\t<div class=\"e-con-inner\">\n\t\t\t\t<div class=\"elementor-element elementor-element-4474dd31 elementor-widget elementor-widget-image\" data-id=\"4474dd31\" data-element_type=\"widget\" data-widget_type=\"image.default\">\n\t\t\t\t<div class=\"elementor-widget-container\">\n\t\t\t\t\t\t\t\t\t\t\t\t\t\t\t<img decoding=\"async\" width=\"150\" height=\"150\" src=\"https:\/\/www.selected-minds.de\/wp-content\/uploads\/2024\/01\/it-recruiting.png\" class=\"attachment-full size-full wp-image-66\" alt=\"\" \/>\t\t\t\t\t\t\t\t\t\t\t\t\t\t\t<\/div>\n\t\t\t\t<\/div>\n\t\t\t\t\t<\/div>\n\t\t\t\t<\/div>\n\t\t<div class=\"elementor-element elementor-element-246b40e3 e-con-full e-flex e-con e-child\" data-id=\"246b40e3\" data-element_type=\"container\">\n\t\t\t\t<div class=\"elementor-element elementor-element-6b60909c elementor-widget elementor-widget-heading\" data-id=\"6b60909c\" data-element_type=\"widget\" data-widget_type=\"heading.default\">\n\t\t\t\t<div class=\"elementor-widget-container\">\n\t\t\t\t\t<h1 class=\"elementor-heading-title elementor-size-default\">Are you looking for IT staff or an entire IT team?<\/h1>\t\t\t\t<\/div>\n\t\t\t\t<\/div>\n\t\t\t\t<\/div>\n\t\t<div class=\"elementor-element elementor-element-26272d48 e-con-full e-flex e-con e-child\" data-id=\"26272d48\" data-element_type=\"container\">\n\t\t\t\t<div class=\"elementor-element elementor-element-309050e1 elementor-widget elementor-widget-image\" data-id=\"309050e1\" data-element_type=\"widget\" data-widget_type=\"image.default\">\n\t\t\t\t<div class=\"elementor-widget-container\">\n\t\t\t\t\t\t\t\t\t\t\t\t\t\t\t<img fetchpriority=\"high\" decoding=\"async\" width=\"697\" height=\"650\" src=\"https:\/\/www.selected-minds.de\/wp-content\/uploads\/2024\/01\/christina.png\" class=\"attachment-full size-full wp-image-67\" alt=\"\" srcset=\"https:\/\/www.selected-minds.de\/wp-content\/uploads\/2024\/01\/christina.png 697w, https:\/\/www.selected-minds.de\/wp-content\/uploads\/2024\/01\/christina-300x280.png 300w\" sizes=\"(max-width: 697px) 100vw, 697px\" \/>\t\t\t\t\t\t\t\t\t\t\t\t\t\t\t<\/div>\n\t\t\t\t<\/div>\n\t\t\t\t<\/div>\n\t\t\t\t\t<\/div>\n\t\t\t\t<\/div>\n\t\t<div class=\"elementor-element elementor-element-1005f78d elementor-hidden-mobile e-flex e-con-boxed e-con e-parent\" data-id=\"1005f78d\" data-element_type=\"container\" data-settings=\"{&quot;background_background&quot;:&quot;classic&quot;}\">\n\t\t\t\t\t<div class=\"e-con-inner\">\n\t\t<div class=\"elementor-element elementor-element-1d873efc e-flex e-con-boxed e-con e-child\" data-id=\"1d873efc\" data-element_type=\"container\">\n\t\t\t\t\t<div class=\"e-con-inner\">\n\t\t\t\t<div class=\"elementor-element elementor-element-d76cc8f elementor-widget elementor-widget-image\" data-id=\"d76cc8f\" data-element_type=\"widget\" data-widget_type=\"image.default\">\n\t\t\t\t<div class=\"elementor-widget-container\">\n\t\t\t\t\t\t\t\t\t\t\t\t\t\t\t<img decoding=\"async\" width=\"90\" height=\"300\" src=\"https:\/\/www.selected-minds.de\/wp-content\/uploads\/2024\/01\/pfeile-90x300.png\" class=\"attachment-medium size-medium wp-image-19\" alt=\"\" srcset=\"https:\/\/www.selected-minds.de\/wp-content\/uploads\/2024\/01\/pfeile-90x300.png 90w, https:\/\/www.selected-minds.de\/wp-content\/uploads\/2024\/01\/pfeile.png 169w\" sizes=\"(max-width: 90px) 100vw, 90px\" \/>\t\t\t\t\t\t\t\t\t\t\t\t\t\t\t<\/div>\n\t\t\t\t<\/div>\n\t\t\t\t\t<\/div>\n\t\t\t\t<\/div>\n\t\t\t\t\t<\/div>\n\t\t\t\t<\/div>\n\t\t<div class=\"elementor-element elementor-element-69ad62dc e-flex e-con-boxed e-con e-parent\" data-id=\"69ad62dc\" data-element_type=\"container\" data-settings=\"{&quot;background_background&quot;:&quot;classic&quot;}\">\n\t\t\t\t\t<div class=\"e-con-inner\">\n\t\t<div class=\"elementor-element elementor-element-15bd53f5 e-flex e-con-boxed e-con e-child\" data-id=\"15bd53f5\" data-element_type=\"container\">\n\t\t\t\t\t<div class=\"e-con-inner\">\n\t\t\t\t<div class=\"elementor-element elementor-element-488479c2 elementor-widget elementor-widget-heading\" data-id=\"488479c2\" data-element_type=\"widget\" data-widget_type=\"heading.default\">\n\t\t\t\t<div class=\"elementor-widget-container\">\n\t\t\t\t\t<h2 class=\"elementor-heading-title elementor-size-default\">IT Recruiting<\/h2>\t\t\t\t<\/div>\n\t\t\t\t<\/div>\n\t\t\t\t<div class=\"elementor-element elementor-element-32fd5b8c elementor-widget elementor-widget-heading\" data-id=\"32fd5b8c\" data-element_type=\"widget\" data-widget_type=\"heading.default\">\n\t\t\t\t<div class=\"elementor-widget-container\">\n\t\t\t\t\t<h2 class=\"elementor-heading-title elementor-size-default\">Attracting IT experts is not ordinary recruiting. It requires a deep understanding of technological developments, a sensitivity to a company's individual needs, and the ability to identify and attract candidates in a highly competitive industry.<\/h2>\t\t\t\t<\/div>\n\t\t\t\t<\/div>\n\t\t\t\t<div class=\"elementor-element elementor-element-506657e elementor-widget elementor-widget-heading\" data-id=\"506657e\" data-element_type=\"widget\" data-widget_type=\"heading.default\">\n\t\t\t\t<div class=\"elementor-widget-container\">\n\t\t\t\t\t<h2 class=\"elementor-heading-title elementor-size-default\">Through our many years of experience in national and international IT recruitment, we have not only developed an in-depth understanding of the latest trends, challenges and opportunities in the industry, but have also built up an extensive network of first-class IT experts. This valuable resource enables us to identify and attract the best talent for you to strengthen your team with highly qualified IT staff.<\/h2>\t\t\t\t<\/div>\n\t\t\t\t<\/div>\n\t\t\t\t<div class=\"elementor-element elementor-element-18bb0186 elementor-widget elementor-widget-heading\" data-id=\"18bb0186\" data-element_type=\"widget\" data-widget_type=\"heading.default\">\n\t\t\t\t<div class=\"elementor-widget-container\">\n\t\t\t\t\t<h2 class=\"elementor-heading-title elementor-size-default\">Our way of working is characterized by open communication at eye level, which is particularly appreciated by our candidates. We not only understand their professional ambitions, but also know when the next career step is worthwhile for them and how we can inspire them to make a promising career change.<\/h2>\t\t\t\t<\/div>\n\t\t\t\t<\/div>\n\t\t\t\t\t<\/div>\n\t\t\t\t<\/div>\n\t\t\t\t\t<\/div>\n\t\t\t\t<\/div>\n\t\t<div class=\"elementor-element elementor-element-3a8cf079 elementor-hidden-mobile e-flex e-con-boxed e-con e-parent\" data-id=\"3a8cf079\" data-element_type=\"container\">\n\t\t\t\t\t<div class=\"e-con-inner\">\n\t\t\t\t<div class=\"elementor-element elementor-element-66e572f4 elementor-widget elementor-widget-image\" data-id=\"66e572f4\" data-element_type=\"widget\" data-widget_type=\"image.default\">\n\t\t\t\t<div class=\"elementor-widget-container\">\n\t\t\t\t\t\t\t\t\t\t\t\t\t\t\t<img loading=\"lazy\" decoding=\"async\" width=\"90\" height=\"300\" src=\"https:\/\/www.selected-minds.de\/wp-content\/uploads\/2024\/01\/scroll-hinweis-sub-90x300.png\" class=\"attachment-medium size-medium wp-image-68\" alt=\"\" srcset=\"https:\/\/www.selected-minds.de\/wp-content\/uploads\/2024\/01\/scroll-hinweis-sub-90x300.png 90w, https:\/\/www.selected-minds.de\/wp-content\/uploads\/2024\/01\/scroll-hinweis-sub.png 169w\" sizes=\"(max-width: 90px) 100vw, 90px\" \/>\t\t\t\t\t\t\t\t\t\t\t\t\t\t\t<\/div>\n\t\t\t\t<\/div>\n\t\t\t\t\t<\/div>\n\t\t\t\t<\/div>\n\t\t<div class=\"elementor-element elementor-element-3d0a46a9 e-flex e-con-boxed e-con e-parent\" data-id=\"3d0a46a9\" data-element_type=\"container\" data-settings=\"{&quot;background_background&quot;:&quot;classic&quot;}\">\n\t\t\t\t\t<div class=\"e-con-inner\">\n\t\t<div class=\"elementor-element elementor-element-4078c3c e-flex e-con-boxed e-con e-child\" data-id=\"4078c3c\" data-element_type=\"container\">\n\t\t\t\t\t<div class=\"e-con-inner\">\n\t\t\t\t<div class=\"elementor-element elementor-element-34468fc0 elementor-widget elementor-widget-heading\" data-id=\"34468fc0\" data-element_type=\"widget\" data-widget_type=\"heading.default\">\n\t\t\t\t<div class=\"elementor-widget-container\">\n\t\t\t\t\t<h2 class=\"elementor-heading-title elementor-size-default\">Your advantages<\/h2>\t\t\t\t<\/div>\n\t\t\t\t<\/div>\n\t\t\t\t<div class=\"elementor-element elementor-element-3d0a5e36 elementor-widget elementor-widget-heading\" data-id=\"3d0a5e36\" data-element_type=\"widget\" data-widget_type=\"heading.default\">\n\t\t\t\t<div class=\"elementor-widget-container\">\n\t\t\t\t\t<h2 class=\"elementor-heading-title elementor-size-default\">Industry knowledge<\/h2>\t\t\t\t<\/div>\n\t\t\t\t<\/div>\n\t\t\t\t<div class=\"elementor-element elementor-element-3e90254a elementor-widget elementor-widget-heading\" data-id=\"3e90254a\" data-element_type=\"widget\" data-widget_type=\"heading.default\">\n\t\t\t\t<div class=\"elementor-widget-container\">\n\t\t\t\t\t<h2 class=\"elementor-heading-title elementor-size-default\">Our industry knowledge enables us to understand your requirements precisely and find candidates who not only have the right skills, but also the necessary understanding of your industry.<\/h2>\t\t\t\t<\/div>\n\t\t\t\t<\/div>\n\t\t\t\t<div class=\"elementor-element elementor-element-5498470c elementor-widget elementor-widget-heading\" data-id=\"5498470c\" data-element_type=\"widget\" data-widget_type=\"heading.default\">\n\t\t\t\t<div class=\"elementor-widget-container\">\n\t\t\t\t\t<h2 class=\"elementor-heading-title elementor-size-default\">Comprehensive network<\/h2>\t\t\t\t<\/div>\n\t\t\t\t<\/div>\n\t\t\t\t<div class=\"elementor-element elementor-element-13cda7e elementor-widget elementor-widget-heading\" data-id=\"13cda7e\" data-element_type=\"widget\" data-widget_type=\"heading.default\">\n\t\t\t\t<div class=\"elementor-widget-container\">\n\t\t\t\t\t<h2 class=\"elementor-heading-title elementor-size-default\">Over many years, we have built up a global network of professionals within the IT industry. We can quickly access this network to find the best candidates for your organisation.<\/h2>\t\t\t\t<\/div>\n\t\t\t\t<\/div>\n\t\t\t\t<div class=\"elementor-element elementor-element-47833ce5 elementor-widget elementor-widget-heading\" data-id=\"47833ce5\" data-element_type=\"widget\" data-widget_type=\"heading.default\">\n\t\t\t\t<div class=\"elementor-widget-container\">\n\t\t\t\t\t<h2 class=\"elementor-heading-title elementor-size-default\">Customised selection<\/h2>\t\t\t\t<\/div>\n\t\t\t\t<\/div>\n\t\t\t\t<div class=\"elementor-element elementor-element-be121e9 elementor-widget elementor-widget-heading\" data-id=\"be121e9\" data-element_type=\"widget\" data-widget_type=\"heading.default\">\n\t\t\t\t<div class=\"elementor-widget-container\">\n\t\t\t\t\t<h2 class=\"elementor-heading-title elementor-size-default\">We strongly believe that integrating employees into your company culture is crucial. Therefore, our goal is not only to meet the technical requirements, but also to ensure that the candidates fit your company culture.<\/h2>\t\t\t\t<\/div>\n\t\t\t\t<\/div>\n\t\t\t\t<div class=\"elementor-element elementor-element-79f50c82 elementor-widget elementor-widget-heading\" data-id=\"79f50c82\" data-element_type=\"widget\" data-widget_type=\"heading.default\">\n\t\t\t\t<div class=\"elementor-widget-container\">\n\t\t\t\t\t<h2 class=\"elementor-heading-title elementor-size-default\">Time saving<\/h2>\t\t\t\t<\/div>\n\t\t\t\t<\/div>\n\t\t\t\t<div class=\"elementor-element elementor-element-34f5fb09 elementor-widget elementor-widget-heading\" data-id=\"34f5fb09\" data-element_type=\"widget\" data-widget_type=\"heading.default\">\n\t\t\t\t<div class=\"elementor-widget-container\">\n\t\t\t\t\t<h2 class=\"elementor-heading-title elementor-size-default\">Our efficient recruitment process allows us to quickly identify and present talents to you. This saves you valuable time and allows you to concentrate on your core business.<\/h2>\t\t\t\t<\/div>\n\t\t\t\t<\/div>\n\t\t\t\t\t<\/div>\n\t\t\t\t<\/div>\n\t\t\t\t\t<\/div>\n\t\t\t\t<\/div>\n\t\t\t\t<\/div>","protected":false},"excerpt":{"rendered":"<p>Sie sind auf der Suche nach IT-Mitarbeitern oder einem ganzen IT-Team? IT Recruiting Die Gewinnung von IT-Experten ist kein gew\u00f6hnliches Recruiting. Es erfordert ein tiefgreifendes Verst\u00e4ndnis der technologischen Entwicklungen, ein Gesp\u00fcr f\u00fcr die individuellen Bed\u00fcrfnisse eines Unternehmens sowie die F\u00e4higkeit, Kandidaten in einer \u00e4u\u00dferst wettbewerbsintensiven Branche zu identifizieren und zu gewinnen. Durch unsere langj\u00e4hrige Erfahrung [&hellip;]<\/p>","protected":false},"author":1,"featured_media":0,"parent":0,"menu_order":0,"comment_status":"closed","ping_status":"closed","template":"elementor_header_footer","meta":{"footnotes":""},"class_list":["post-65","page","type-page","status-publish","hentry"],"yoast_head":"<!-- This site is optimized with the Yoast SEO Premium plugin v23.0 (Yoast SEO v26.6) - https:\/\/yoast.com\/wordpress\/plugins\/seo\/ -->\n<title>IT-Recruiting - Selected Minds<\/title>\n<meta name=\"robots\" content=\"index, follow, max-snippet:-1, max-image-preview:large, max-video-preview:-1\" \/>\n<link rel=\"canonical\" href=\"https:\/\/www.selected-minds.de\/en\/it-recruiting\/\" \/>\n<meta property=\"og:locale\" content=\"en_GB\" \/>\n<meta property=\"og:type\" content=\"article\" \/>\n<meta property=\"og:title\" content=\"IT-Recruiting\" \/>\n<meta property=\"og:description\" content=\"Sie sind auf der Suche nach IT-Mitarbeitern oder einem ganzen IT-Team? IT Recruiting Die Gewinnung von IT-Experten ist kein gew\u00f6hnliches Recruiting. Es erfordert ein tiefgreifendes Verst\u00e4ndnis der technologischen Entwicklungen, ein Gesp\u00fcr f\u00fcr die individuellen Bed\u00fcrfnisse eines Unternehmens sowie die F\u00e4higkeit, Kandidaten in einer \u00e4u\u00dferst wettbewerbsintensiven Branche zu identifizieren und zu gewinnen. Durch unsere langj\u00e4hrige Erfahrung [&hellip;]\" \/>\n<meta property=\"og:url\" content=\"https:\/\/www.selected-minds.de\/en\/it-recruiting\/\" \/>\n<meta property=\"og:site_name\" content=\"Selected Minds\" \/>\n<meta property=\"article:modified_time\" content=\"2024-02-07T13:59:05+00:00\" \/>\n<meta property=\"og:image\" content=\"https:\/\/www.selected-minds.de\/wp-content\/uploads\/2024\/01\/it-recruiting.png\" \/>\n<meta name=\"twitter:card\" content=\"summary_large_image\" \/>\n<meta name=\"twitter:label1\" content=\"Estimated reading time\" \/>\n\t<meta name=\"twitter:data1\" content=\"2 minutes\" \/>\n<script type=\"application\/ld+json\" class=\"yoast-schema-graph\">{\"@context\":\"https:\/\/schema.org\",\"@graph\":[{\"@type\":\"WebPage\",\"@id\":\"https:\/\/www.selected-minds.de\/it-recruiting\/\",\"url\":\"https:\/\/www.selected-minds.de\/it-recruiting\/\",\"name\":\"IT-Recruiting - Selected Minds\",\"isPartOf\":{\"@id\":\"https:\/\/www.selected-minds.de\/#website\"},\"primaryImageOfPage\":{\"@id\":\"https:\/\/www.selected-minds.de\/it-recruiting\/#primaryimage\"},\"image\":{\"@id\":\"https:\/\/www.selected-minds.de\/it-recruiting\/#primaryimage\"},\"thumbnailUrl\":\"https:\/\/www.selected-minds.de\/wp-content\/uploads\/2024\/01\/it-recruiting.png\",\"datePublished\":\"2024-01-31T12:24:26+00:00\",\"dateModified\":\"2024-02-07T13:59:05+00:00\",\"breadcrumb\":{\"@id\":\"https:\/\/www.selected-minds.de\/it-recruiting\/#breadcrumb\"},\"inLanguage\":\"en-GB\",\"potentialAction\":[{\"@type\":\"ReadAction\",\"target\":[\"https:\/\/www.selected-minds.de\/it-recruiting\/\"]}]},{\"@type\":\"ImageObject\",\"inLanguage\":\"en-GB\",\"@id\":\"https:\/\/www.selected-minds.de\/it-recruiting\/#primaryimage\",\"url\":\"https:\/\/www.selected-minds.de\/wp-content\/uploads\/2024\/01\/it-recruiting.png\",\"contentUrl\":\"https:\/\/www.selected-minds.de\/wp-content\/uploads\/2024\/01\/it-recruiting.png\"},{\"@type\":\"BreadcrumbList\",\"@id\":\"https:\/\/www.selected-minds.de\/it-recruiting\/#breadcrumb\",\"itemListElement\":[{\"@type\":\"ListItem\",\"position\":1,\"name\":\"Startseite\",\"item\":\"https:\/\/www.selected-minds.de\/\"},{\"@type\":\"ListItem\",\"position\":2,\"name\":\"IT-Recruiting\"}]},{\"@type\":\"WebSite\",\"@id\":\"https:\/\/www.selected-minds.de\/#website\",\"url\":\"https:\/\/www.selected-minds.de\/\",\"name\":\"Recruiting.Relocation.Academy | Selected Minds\",\"description\":\"\",\"potentialAction\":[{\"@type\":\"SearchAction\",\"target\":{\"@type\":\"EntryPoint\",\"urlTemplate\":\"https:\/\/www.selected-minds.de\/?s={search_term_string}\"},\"query-input\":{\"@type\":\"PropertyValueSpecification\",\"valueRequired\":true,\"valueName\":\"search_term_string\"}}],\"inLanguage\":\"en-GB\"}]}<\/script>\n<!-- \/ Yoast SEO Premium plugin. -->","yoast_head_json":{"title":"IT-Recruiting - Selected Minds","robots":{"index":"index","follow":"follow","max-snippet":"max-snippet:-1","max-image-preview":"max-image-preview:large","max-video-preview":"max-video-preview:-1"},"canonical":"https:\/\/www.selected-minds.de\/en\/it-recruiting\/","og_locale":"en_GB","og_type":"article","og_title":"IT-Recruiting","og_description":"Sie sind auf der Suche nach IT-Mitarbeitern oder einem ganzen IT-Team? IT Recruiting Die Gewinnung von IT-Experten ist kein gew\u00f6hnliches Recruiting. Es erfordert ein tiefgreifendes Verst\u00e4ndnis der technologischen Entwicklungen, ein Gesp\u00fcr f\u00fcr die individuellen Bed\u00fcrfnisse eines Unternehmens sowie die F\u00e4higkeit, Kandidaten in einer \u00e4u\u00dferst wettbewerbsintensiven Branche zu identifizieren und zu gewinnen. Durch unsere langj\u00e4hrige Erfahrung [&hellip;]","og_url":"https:\/\/www.selected-minds.de\/en\/it-recruiting\/","og_site_name":"Selected Minds","article_modified_time":"2024-02-07T13:59:05+00:00","og_image":[{"url":"https:\/\/www.selected-minds.de\/wp-content\/uploads\/2024\/01\/it-recruiting.png","type":"","width":"","height":""}],"twitter_card":"summary_large_image","twitter_misc":{"Estimated reading time":"2 minutes"},"schema":{"@context":"https:\/\/schema.org","@graph":[{"@type":"WebPage","@id":"https:\/\/www.selected-minds.de\/it-recruiting\/","url":"https:\/\/www.selected-minds.de\/it-recruiting\/","name":"IT-Recruiting - Selected Minds","isPartOf":{"@id":"https:\/\/www.selected-minds.de\/#website"},"primaryImageOfPage":{"@id":"https:\/\/www.selected-minds.de\/it-recruiting\/#primaryimage"},"image":{"@id":"https:\/\/www.selected-minds.de\/it-recruiting\/#primaryimage"},"thumbnailUrl":"https:\/\/www.selected-minds.de\/wp-content\/uploads\/2024\/01\/it-recruiting.png","datePublished":"2024-01-31T12:24:26+00:00","dateModified":"2024-02-07T13:59:05+00:00","breadcrumb":{"@id":"https:\/\/www.selected-minds.de\/it-recruiting\/#breadcrumb"},"inLanguage":"en-GB","potentialAction":[{"@type":"ReadAction","target":["https:\/\/www.selected-minds.de\/it-recruiting\/"]}]},{"@type":"ImageObject","inLanguage":"en-GB","@id":"https:\/\/www.selected-minds.de\/it-recruiting\/#primaryimage","url":"https:\/\/www.selected-minds.de\/wp-content\/uploads\/2024\/01\/it-recruiting.png","contentUrl":"https:\/\/www.selected-minds.de\/wp-content\/uploads\/2024\/01\/it-recruiting.png"},{"@type":"BreadcrumbList","@id":"https:\/\/www.selected-minds.de\/it-recruiting\/#breadcrumb","itemListElement":[{"@type":"ListItem","position":1,"name":"Startseite","item":"https:\/\/www.selected-minds.de\/"},{"@type":"ListItem","position":2,"name":"IT-Recruiting"}]},{"@type":"WebSite","@id":"https:\/\/www.selected-minds.de\/#website","url":"https:\/\/www.selected-minds.de\/","name":"Recruiting.Relocation.Academy | Selected Minds","description":"","potentialAction":[{"@type":"SearchAction","target":{"@type":"EntryPoint","urlTemplate":"https:\/\/www.selected-minds.de\/?s={search_term_string}"},"query-input":{"@type":"PropertyValueSpecification","valueRequired":true,"valueName":"search_term_string"}}],"inLanguage":"en-GB"}]}},"_links":{"self":[{"href":"https:\/\/www.selected-minds.de\/en\/wp-json\/wp\/v2\/pages\/65","targetHints":{"allow":["GET"]}}],"collection":[{"href":"https:\/\/www.selected-minds.de\/en\/wp-json\/wp\/v2\/pages"}],"about":[{"href":"https:\/\/www.selected-minds.de\/en\/wp-json\/wp\/v2\/types\/page"}],"author":[{"embeddable":true,"href":"https:\/\/www.selected-minds.de\/en\/wp-json\/wp\/v2\/users\/1"}],"replies":[{"embeddable":true,"href":"https:\/\/www.selected-minds.de\/en\/wp-json\/wp\/v2\/comments?post=65"}],"version-history":[{"count":14,"href":"https:\/\/www.selected-minds.de\/en\/wp-json\/wp\/v2\/pages\/65\/revisions"}],"predecessor-version":[{"id":503,"href":"https:\/\/www.selected-minds.de\/en\/wp-json\/wp\/v2\/pages\/65\/revisions\/503"}],"wp:attachment":[{"href":"https:\/\/www.selected-minds.de\/en\/wp-json\/wp\/v2\/media?parent=65"}],"curies":[{"name":"wp","href":"https:\/\/api.w.org\/{rel}","templated":true}]}}